{"id":11034,"date":"2024-04-22T14:44:17","date_gmt":"2024-04-22T14:44:17","guid":{"rendered":"https:\/\/jugadornutrition.com\/product\/kickstart\/"},"modified":"2025-10-05T10:56:54","modified_gmt":"2025-10-05T10:56:54","slug":"kickstart","status":"publish","type":"product","link":"https:\/\/jugadornutrition.com\/en\/product\/kickstart\/","title":{"rendered":"Kickstart"},"content":{"rendered":"","protected":false},"excerpt":{"rendered":"<p>Strengen Sie sich mehr an, laufen Sie schneller und trainieren Sie l\u00e4nger mit der Kickstart Formel vor dem Spiel\/Training.<br \/>\nEs wurde speziell f\u00fcr Fu\u00dfballer entwickelt und f\u00f6rdert die Regeneration, bek\u00e4mpft die M\u00fcdigkeit und setzt maximale Ausdauer frei &#8211; und das alles, w\u00e4hrend Sie garantiert dopingfrei bleiben.<\/p>","protected":false},"featured_media":11039,"template":"","meta":[],"product_cat":[172],"product_tag":[],"class_list":{"0":"post-11034","1":"product","2":"type-product","3":"status-publish","4":"has-post-thumbnail","6":"product_cat-kickstart-de","7":"has-subscription-plans","9":"first","10":"instock","11":"taxable","12":"shipping-taxable","13":"purchasable","14":"product-type-variable","15":"has-default-attributes"},"bundled_by":["11001","3825"],"bundle_stock_status":"instock","bundle_stock_quantity":null,"bundle_virtual":false,"bundle_layout":"","bundle_add_to_cart_form_location":"","bundle_editable_in_cart":false,"bundle_sold_individually_context":"","bundle_item_grouping":"","bundle_min_size":"","bundle_max_size":"","bundle_price":[],"bundled_items":[],"bundle_sell_ids":[],"aioseo_notices":[],"jetpack_sharing_enabled":true,"_links":{"self":[{"href":"https:\/\/jugadornutrition.com\/en\/wp-json\/wp\/v2\/product\/11034","targetHints":{"allow":["GET"]}}],"collection":[{"href":"https:\/\/jugadornutrition.com\/en\/wp-json\/wp\/v2\/product"}],"about":[{"href":"https:\/\/jugadornutrition.com\/en\/wp-json\/wp\/v2\/types\/product"}],"version-history":[{"count":3,"href":"https:\/\/jugadornutrition.com\/en\/wp-json\/wp\/v2\/product\/11034\/revisions"}],"predecessor-version":[{"id":16074,"href":"https:\/\/jugadornutrition.com\/en\/wp-json\/wp\/v2\/product\/11034\/revisions\/16074"}],"wp:featuredmedia":[{"embeddable":true,"href":"https:\/\/jugadornutrition.com\/en\/wp-json\/wp\/v2\/media\/11039"}],"wp:attachment":[{"href":"https:\/\/jugadornutrition.com\/en\/wp-json\/wp\/v2\/media?parent=11034"}],"wp:term":[{"taxonomy":"product_cat","embeddable":true,"href":"https:\/\/jugadornutrition.com\/en\/wp-json\/wp\/v2\/product_cat?post=11034"},{"taxonomy":"product_tag","embeddable":true,"href":"https:\/\/jugadornutrition.com\/en\/wp-json\/wp\/v2\/product_tag?post=11034"}],"curies":[{"name":"wp","href":"https:\/\/api.w.org\/{rel}","templated":true}]}}